{"id":21832,"date":"2022-04-11T14:48:53","date_gmt":"2022-04-11T12:48:53","guid":{"rendered":"https:\/\/www.progen.hu\/?page_id=21832"},"modified":"2024-04-23T12:45:58","modified_gmt":"2024-04-23T11:45:58","slug":"about-our-company","status":"publish","type":"page","link":"https:\/\/www.progen.hu\/en\/about-our-company\/","title":{"rendered":"About our company"},"content":{"rendered":"\n\t<section class=\"section nyito-section dark\" id=\"section_289342656\">\n\t\t<div class=\"section-bg fill\" >\n\t\t\t<img loading=\"lazy\" decoding=\"async\" width=\"1920\" height=\"600\" src=\"https:\/\/www.progen.hu\/wp-content\/uploads\/2022\/06\/23_progen_slider_1920x600px.jpg\" class=\"bg attachment-original size-original\" alt=\"\" \/>\t\t\t\t\t\t\n\t\t\t\n\n\t\t<\/div>\n\n\t\t\n\n\t\t<div class=\"section-content relative\">\n\t\t\t\n<div class=\"row\"  id=\"row-1895527911\">\n\n\t<div id=\"col-77320090\" class=\"col small-12 large-12\"  data-animate=\"fadeInLeft\">\n\t\t\t\t<div class=\"col-inner\"  >\n\t\t\t\n\t\t\t\n\t<div id=\"text-934471009\" class=\"text hosszu\">\n\t\t\n<h1>WHO WE ARE<\/h1>\n<h2>PROGEN Ltd. is a 100% Hungarian-owned company. We have more than 30 years of experience in the development and operation of enterprise management systems. Our main objective is to provide the highest quality and reliability tailored specifically to the needs of our customers operating in the Hungarian market. The basis for this is provided by the innovative approach, outstanding expertise and long-term perspective thinking of our employees.<\/h2>\n\t\t\t<\/div>\n\t\n\t\t<\/div>\n\t\t\t\t\t<\/div>\n\n\t\n<\/div>\n\t\t<\/div>\n\n\t\t\n<style>\n#section_289342656 {\n  padding-top: 30px;\n  padding-bottom: 30px;\n  min-height: 70vw;\n}\n@media (min-width:550px) {\n  #section_289342656 {\n    min-height: 580px;\n  }\n}\n<\/style>\n\t<\/section>\n\t\n\n\t<section class=\"section\" id=\"section_1430827272\">\n\t\t<div class=\"section-bg fill\" >\n\t\t\t\t\t\t\t\t\t\n\t\t\t\n\n\t\t<\/div>\n\n\t\t\n\n\t\t<div class=\"section-content relative\">\n\t\t\t\n<div class=\"row\"  id=\"row-891196909\">\n\n\t<div id=\"col-1158353011\" class=\"col small-12 large-12\"  >\n\t\t\t\t<div class=\"col-inner\"  >\n\t\t\t\n\t\t\t\n<p style=\"text-align: center;\">Our innovative company management systems introduced under the name sERPA or Great Machinator are now used every day by more than 8,000 employees of more than 1,200 partners.<\/p>\n<p style=\"text-align: center;\">During the development of our systems and services, we pay close attention to feedback from customers, and we also place great emphasis on continuous development, both in terms of the technologies used and the training of our professionals.<\/p>\n<p style=\"text-align: center;\">Our mission To provide stable, long-term, flexible and customer-oriented service to our partners, ensuring constant high quality and reliability.<\/p>\n\t\t<\/div>\n\t\t\t\t\t<\/div>\n\n\t\n<\/div>\n\t\t<\/div>\n\n\t\t\n<style>\n#section_1430827272 {\n  padding-top: 30px;\n  padding-bottom: 30px;\n}\n<\/style>\n\t<\/section>\n\t\n\n\t<section class=\"section\" id=\"section_646337416\">\n\t\t<div class=\"section-bg fill\" >\n\t\t\t\t\t\t\t\t\t\n\t\t\t\n\n\t\t<\/div>\n\n\t\t\n\n\t\t<div class=\"section-content relative\">\n\t\t\t\n<div class=\"row\"  id=\"row-946369863\">\n\n\t<div id=\"col-253521156\" class=\"col small-12 large-12\"  >\n\t\t\t\t<div class=\"col-inner\"  >\n\t\t\t\n\t\t\t\n\t<div id=\"text-4168904515\" class=\"text no-divider\">\n\t\t\n<h2>Our Story<\/h2>\n<p>PROGEN Kft. was founded in 1992, with the aim of providing efficient, complex, economical solutions for the IT of small and medium enterprises operating in Hungary.<\/p>\n<p>Our main activity is the development, implementation and support of the sERPa and Great Machinator integrated company management systems at our partners. Since the beginning, our important goal has been to offer our customers a complete solution, which is why we have been supporting our customers as an Intel partner since 1998 and as a Microsoft system integrator since 1999. In the 2000s, the number of our customers already exceeded 1,100.<\/p>\n<p>PROGEN Kft. is 100% owned by PROGEN Holding Zrt., established by the founders.<\/p>\n<p>Our commitment to high-quality customer service is proven by the fact that we have been working in accordance with the ISO 9001 international quality assurance standard since 1998.<\/p>\n<p>Our processes are characterized by precisely developed methods and rules, which also cover the areas of software development, sales and support.<\/p>\n\t\t\t<\/div>\n\t\n\t\t<\/div>\n\t\t\t\t\t<\/div>\n\n\t\n\n\t<div id=\"col-2093245908\" class=\"col small-12 large-12\"  >\n\t\t\t\t<div class=\"col-inner\"  >\n\t\t\t\n\t\t\t\n<h4 style=\"text-align: center;\">We are proud that our systems are successfully used by more than 1,200 business organizations in Hungary.<\/h4>\n\t\t<\/div>\n\t\t\t\t\t<\/div>\n\n\t\n<\/div>\n\t\t<\/div>\n\n\t\t\n<style>\n#section_646337416 {\n  padding-top: 30px;\n  padding-bottom: 30px;\n  background-color: rgb(244, 244, 244);\n}\n<\/style>\n\t<\/section>\n\t\n\n\t<section class=\"section vezetok\" id=\"section_53042478\">\n\t\t<div class=\"section-bg fill\" >\n\t\t\t\t\t\t\t\t\t\n\t\t\t\n\n\t\t<\/div>\n\n\t\t\n\n\t\t<div class=\"section-content relative\">\n\t\t\t\n<div class=\"row\"  id=\"row-708108560\">\n\n\t<div id=\"col-163975417\" class=\"col small-12 large-12\"  >\n\t\t\t\t<div class=\"col-inner\"  >\n\t\t\t\n\t\t\t\n<h2 style=\"text-align: center;\">Get to know our senior staff!<\/h2>\n\t\t<\/div>\n\t\t\t\t\t<\/div>\n\n\t\n\n\t<div id=\"col-202250620\" class=\"col medium-12 small-12 large-6\"  >\n\t\t\t\t<div class=\"col-inner\"  >\n\t\t\t\n\t\t\t\n    <div class=\"box has-hover has-hover box-vertical box-text-bottom\" >\n\n                  <div class=\"box-image \" style=\"width:30%;\">\n           <div class=\"box-image-inner image-cover\" style=\"padding-top:150%;\">\n              <img loading=\"lazy\" decoding=\"async\" width=\"668\" height=\"1000\" src=\"https:\/\/www.progen.hu\/wp-content\/uploads\/2022\/06\/komaromi-sandor.webp\" class=\"attachment- size-\" alt=\"\" srcset=\"https:\/\/www.progen.hu\/wp-content\/uploads\/2022\/06\/komaromi-sandor.webp 668w, https:\/\/www.progen.hu\/wp-content\/uploads\/2022\/06\/komaromi-sandor-200x300.webp 200w, https:\/\/www.progen.hu\/wp-content\/uploads\/2022\/06\/komaromi-sandor-500x749.webp 500w\" sizes=\"auto, (max-width: 668px) 100vw, 668px\" \/>                         <\/div>\n          <\/div>\n         \n          <div class=\"box-text text-left\" style=\"background-color:rgb(244, 244, 244);padding:10px 10px 10px 10px;\">\n                <div class=\"box-text-inner\">\n                  <h4 class=\"uppercase\">\n                    <span class=\"person-name\">S\u00e1ndor KOM\u00c1ROMI<\/span><br\/>\n                    <span class=\"person-title is-small thin-font op-7\">\n                      Managing Director                    <\/span>\n                  <\/h4>\n\t\t\t\t\t\n                <\/div>\n          <\/div>\n    <\/div>\n\n\t\n    \n\t\t<\/div>\n\t\t\t\t\t<\/div>\n\n\t\n\n\t<div id=\"col-1815937072\" class=\"col medium-12 small-12 large-6\"  >\n\t\t\t\t<div class=\"col-inner\"  >\n\t\t\t\n\t\t\t\n    <div class=\"box has-hover has-hover box-vertical box-text-bottom\" >\n\n                  <div class=\"box-image \" style=\"width:30%;\">\n           <div class=\"box-image-inner image-cover\" style=\"padding-top:150%;\">\n              <img loading=\"lazy\" decoding=\"async\" width=\"400\" height=\"599\" src=\"https:\/\/www.progen.hu\/wp-content\/uploads\/2022\/06\/lukacs-tibor-400x599-1.webp\" class=\"attachment- size-\" alt=\"\" srcset=\"https:\/\/www.progen.hu\/wp-content\/uploads\/2022\/06\/lukacs-tibor-400x599-1.webp 400w, https:\/\/www.progen.hu\/wp-content\/uploads\/2022\/06\/lukacs-tibor-400x599-1-200x300.webp 200w\" sizes=\"auto, (max-width: 400px) 100vw, 400px\" \/>                         <\/div>\n          <\/div>\n         \n          <div class=\"box-text text-left\" style=\"background-color:rgb(244, 244, 244);padding:10px 10px 10px 10px;\">\n                <div class=\"box-text-inner\">\n                  <h4 class=\"uppercase\">\n                    <span class=\"person-name\">Tibor LUK\u00c1CS<\/span><br\/>\n                    <span class=\"person-title is-small thin-font op-7\">\n                      deputy managing director, sERPa business director                    <\/span>\n                  <\/h4>\n\t\t\t\t\t\n                <\/div>\n          <\/div>\n    <\/div>\n\n\t\n    \n\t\t<\/div>\n\t\t\t\t\t<\/div>\n\n\t\n\n\t<div id=\"col-76129023\" class=\"col medium-12 small-12 large-6\"  >\n\t\t\t\t<div class=\"col-inner\"  >\n\t\t\t\n\t\t\t\n    <div class=\"box has-hover has-hover box-vertical box-text-bottom\" >\n\n                  <div class=\"box-image \" style=\"width:30%;\">\n           <div class=\"box-image-inner image-cover\" style=\"padding-top:150%;\">\n              <img loading=\"lazy\" decoding=\"async\" width=\"400\" height=\"599\" src=\"https:\/\/www.progen.hu\/wp-content\/uploads\/2022\/06\/paczi-gabor-400x599-1.webp\" class=\"attachment- size-\" alt=\"\" srcset=\"https:\/\/www.progen.hu\/wp-content\/uploads\/2022\/06\/paczi-gabor-400x599-1.webp 400w, https:\/\/www.progen.hu\/wp-content\/uploads\/2022\/06\/paczi-gabor-400x599-1-200x300.webp 200w\" sizes=\"auto, (max-width: 400px) 100vw, 400px\" \/>                         <\/div>\n          <\/div>\n         \n          <div class=\"box-text text-left\" style=\"background-color:rgb(244, 244, 244);padding:10px 10px 10px 10px;\">\n                <div class=\"box-text-inner\">\n                  <h4 class=\"uppercase\">\n                    <span class=\"person-name\">G\u00e1bor P\u00c1CZI<\/span><br\/>\n                    <span class=\"person-title is-small thin-font op-7\">\n                      IT Operations Director                    <\/span>\n                  <\/h4>\n\t\t\t\t\t\n                <\/div>\n          <\/div>\n    <\/div>\n\n\t\n    \n\t\t<\/div>\n\t\t\t\t\t<\/div>\n\n\t\n\n\t<div id=\"col-1295491068\" class=\"col medium-12 small-12 large-6\"  >\n\t\t\t\t<div class=\"col-inner\"  >\n\t\t\t\n\t\t\t\n    <div class=\"box has-hover has-hover box-vertical box-text-bottom\" >\n\n                  <div class=\"box-image \" style=\"width:30%;\">\n           <div class=\"box-image-inner image-cover\" style=\"padding-top:150%;\">\n              <img loading=\"lazy\" decoding=\"async\" width=\"400\" height=\"599\" src=\"https:\/\/www.progen.hu\/wp-content\/uploads\/2022\/06\/farkas-csaba-400x599-1.webp\" class=\"attachment- size-\" alt=\"\" srcset=\"https:\/\/www.progen.hu\/wp-content\/uploads\/2022\/06\/farkas-csaba-400x599-1.webp 400w, https:\/\/www.progen.hu\/wp-content\/uploads\/2022\/06\/farkas-csaba-400x599-1-200x300.webp 200w\" sizes=\"auto, (max-width: 400px) 100vw, 400px\" \/>                         <\/div>\n          <\/div>\n         \n          <div class=\"box-text text-left\" style=\"background-color:rgb(244, 244, 244);padding:10px 10px 10px 10px;\">\n                <div class=\"box-text-inner\">\n                  <h4 class=\"uppercase\">\n                    <span class=\"person-name\">Csaba FARKAS<\/span><br\/>\n                    <span class=\"person-title is-small thin-font op-7\">\n                      Nagy Machinator Business Manager                    <\/span>\n                  <\/h4>\n\t\t\t\t\t\n                <\/div>\n          <\/div>\n    <\/div>\n\n\t\n    \n\t\t<\/div>\n\t\t\t\t\t<\/div>\n\n\t\n\n\t<div id=\"col-1531556345\" class=\"col medium-12 small-12 large-6\"  >\n\t\t\t\t<div class=\"col-inner\"  >\n\t\t\t\n\t\t\t\n    <div class=\"box has-hover has-hover box-vertical box-text-bottom\" >\n\n                  <div class=\"box-image \" style=\"width:30%;\">\n           <div class=\"box-image-inner image-cover\" style=\"padding-top:150%;\">\n              <img loading=\"lazy\" decoding=\"async\" width=\"400\" height=\"599\" src=\"https:\/\/www.progen.hu\/wp-content\/uploads\/2022\/06\/szabone-koncz-gizella-400x599-1.webp\" class=\"attachment- size-\" alt=\"\" srcset=\"https:\/\/www.progen.hu\/wp-content\/uploads\/2022\/06\/szabone-koncz-gizella-400x599-1.webp 400w, https:\/\/www.progen.hu\/wp-content\/uploads\/2022\/06\/szabone-koncz-gizella-400x599-1-200x300.webp 200w\" sizes=\"auto, (max-width: 400px) 100vw, 400px\" \/>                         <\/div>\n          <\/div>\n         \n          <div class=\"box-text text-left\" style=\"background-color:rgb(244, 244, 244);padding:10px 10px 10px 10px;\">\n                <div class=\"box-text-inner\">\n                  <h4 class=\"uppercase\">\n                    <span class=\"person-name\">Gizella SZAB\u00d3N\u00c9 KONCZ<\/span><br\/>\n                    <span class=\"person-title is-small thin-font op-7\">\n                      financial director                    <\/span>\n                  <\/h4>\n\t\t\t\t\t\n                <\/div>\n          <\/div>\n    <\/div>\n\n\t\n    \n\t\t<\/div>\n\t\t\t\t\t<\/div>\n\n\t\n\n\t<div id=\"col-460868256\" class=\"col medium-12 small-12 large-6\"  >\n\t\t\t\t<div class=\"col-inner\"  >\n\t\t\t\n\t\t\t\n    <div class=\"box has-hover has-hover box-vertical box-text-bottom\" >\n\n                  <div class=\"box-image \" style=\"width:30%;\">\n           <div class=\"box-image-inner image-cover\" style=\"padding-top:150%;\">\n              <img loading=\"lazy\" decoding=\"async\" width=\"400\" height=\"599\" src=\"https:\/\/www.progen.hu\/wp-content\/uploads\/2022\/06\/vargane-tunyohy-monika-400x599-1.webp\" class=\"attachment- size-\" alt=\"\" srcset=\"https:\/\/www.progen.hu\/wp-content\/uploads\/2022\/06\/vargane-tunyohy-monika-400x599-1.webp 400w, https:\/\/www.progen.hu\/wp-content\/uploads\/2022\/06\/vargane-tunyohy-monika-400x599-1-200x300.webp 200w\" sizes=\"auto, (max-width: 400px) 100vw, 400px\" \/>                         <\/div>\n          <\/div>\n         \n          <div class=\"box-text text-left\" style=\"background-color:rgb(244, 244, 244);padding:10px 10px 10px 10px;\">\n                <div class=\"box-text-inner\">\n                  <h4 class=\"uppercase\">\n                    <span class=\"person-name\">M\u00f3nika VARG\u00c1N\u00c9 TUNYOGY<\/span><br\/>\n                    <span class=\"person-title is-small thin-font op-7\">\n                      Director of Quality Assurance and Administration                    <\/span>\n                  <\/h4>\n\t\t\t\t\t\n                <\/div>\n          <\/div>\n    <\/div>\n\n\t\n    \n\t\t<\/div>\n\t\t\t\t\t<\/div>\n\n\t\n<\/div>\n\t\t<\/div>\n\n\t\t\n<style>\n#section_53042478 {\n  padding-top: 30px;\n  padding-bottom: 30px;\n}\n<\/style>\n\t<\/section>\n\t\n\n\t<section class=\"section ismerj-meg-minket2\" id=\"section_549384149\">\n\t\t<div class=\"section-bg fill\" >\n\t\t\t\t\t\t\t\t\t\n\t\t\t\n\n\t\t<\/div>\n\n\t\t\n\n\t\t<div class=\"section-content relative\">\n\t\t\t\n<h2 style=\"text-align: center;\">Our Milestones<\/h2>\n<div class=\"row align-equal\"  id=\"row-1182582717\">\n\n\t<div id=\"col-52413644\" class=\"col medium-12 small-12 large-4\"  >\n\t\t\t\t<div class=\"col-inner\"  >\n\t\t\t\n\t\t\t\n\t<div id=\"text-1019835140\" class=\"text\">\n\t\t\n<h3>1992<\/h3>\n<p>PROGEN Engineering Development and Services Kft. is established.<\/p>\n\t\t\n<style>\n#text-1019835140 {\n  text-align: center;\n}\n<\/style>\n\t<\/div>\n\t\n\t\t<\/div>\n\t\t\t\t\t<\/div>\n\n\t\n\n\t<div id=\"col-1944801276\" class=\"col medium-12 small-12 large-4\"  >\n\t\t\t\t<div class=\"col-inner\"  >\n\t\t\t\n\t\t\t\n\t<div id=\"text-53554664\" class=\"text\">\n\t\t\n<h3>1998<\/h3>\n<p>The first rural site opens<\/p>\n\t\t\n<style>\n#text-53554664 {\n  text-align: center;\n}\n<\/style>\n\t<\/div>\n\t\n\t\t<\/div>\n\t\t\t\t\t<\/div>\n\n\t\n\n\t<div id=\"col-1588585349\" class=\"col medium-12 small-12 large-4\"  >\n\t\t\t\t<div class=\"col-inner\"  >\n\t\t\t\n\t\t\t\n\t<div id=\"text-286141488\" class=\"text\">\n\t\t\n<h3>1999<\/h3>\n<p>Earning a Microsoft System Integrator Title<\/p>\n\t\t\n<style>\n#text-286141488 {\n  text-align: center;\n}\n<\/style>\n\t<\/div>\n\t\n\t\t<\/div>\n\t\t\t\t\t<\/div>\n\n\t\n<\/div>\n<div class=\"row align-equal\"  id=\"row-1163918853\">\n\n\t<div id=\"col-222131293\" class=\"col medium-12 small-12 large-4\"  >\n\t\t\t\t<div class=\"col-inner\"  >\n\t\t\t\n\t\t\t\n\t<div id=\"text-3859016982\" class=\"text\">\n\t\t\n<h3>2002<\/h3>\n<p>Introduction of the sERPa Integrated Company Management System<\/p>\n\t\t\n<style>\n#text-3859016982 {\n  text-align: center;\n}\n<\/style>\n\t<\/div>\n\t\n\t\t<\/div>\n\t\t\t\t\t<\/div>\n\n\t\n\n\t<div id=\"col-538971572\" class=\"col medium-12 small-12 large-4\"  >\n\t\t\t\t<div class=\"col-inner\"  >\n\t\t\t\n\t\t\t\n\t<div id=\"text-89958410\" class=\"text\">\n\t\t\n<h3>2006<\/h3>\n<p>The sERPa special college starts at the University of Szeged<\/p>\n\t\t\n<style>\n#text-89958410 {\n  text-align: center;\n}\n<\/style>\n\t<\/div>\n\t\n\t\t<\/div>\n\t\t\t\t\t<\/div>\n\n\t\n\n\t<div id=\"col-619347235\" class=\"col medium-12 small-12 large-4\"  >\n\t\t\t\t<div class=\"col-inner\"  >\n\t\t\t\n\t\t\t\n\t<div id=\"text-1882011034\" class=\"text\">\n\t\t\n<h3>2008<\/h3>\n<p>The Nagy Machinator integrated company management system will be renewed, and the new office building will be handed over<\/p>\n\t\t\n<style>\n#text-1882011034 {\n  text-align: center;\n}\n<\/style>\n\t<\/div>\n\t\n\t\t<\/div>\n\t\t\t\t\t<\/div>\n\n\t\n<\/div>\n<div class=\"row align-equal\"  id=\"row-981544863\">\n\n\t<div id=\"col-1829284217\" class=\"col medium-12 small-12 large-4\"  >\n\t\t\t\t<div class=\"col-inner\"  >\n\t\t\t\n\t\t\t\n\t<div id=\"text-2956356135\" class=\"text\">\n\t\t\n<h3>2012<\/h3>\n<p>2,400 customers, 50 colleagues, HUF 900 million in sales, the research and development division is launched<\/p>\n\t\t\n<style>\n#text-2956356135 {\n  text-align: center;\n}\n<\/style>\n\t<\/div>\n\t\n\t\t<\/div>\n\t\t\t\t\t<\/div>\n\n\t\n\n\t<div id=\"col-1512043952\" class=\"col medium-12 small-12 large-4\"  >\n\t\t\t\t<div class=\"col-inner\"  >\n\t\t\t\n\t\t\t\n\t<div id=\"text-1288154394\" class=\"text\">\n\t\t\n<h3>2015<\/h3>\n<p>A new image is created for the company and the products<\/p>\n\t\t\n<style>\n#text-1288154394 {\n  text-align: center;\n}\n<\/style>\n\t<\/div>\n\t\n\t\t<\/div>\n\t\t\t\t\t<\/div>\n\n\t\n\n\t<div id=\"col-134794925\" class=\"col medium-12 small-12 large-4\"  >\n\t\t\t\t<div class=\"col-inner\"  >\n\t\t\t\n\t\t\t\n\t<div id=\"text-66903274\" class=\"text\">\n\t\t\n<h3>2016<\/h3>\n<p>Obtaining Bisnode AAA Certification<\/p>\n\t\t\n<style>\n#text-66903274 {\n  text-align: center;\n}\n<\/style>\n\t<\/div>\n\t\n\t\t<\/div>\n\t\t\t\t\t<\/div>\n\n\t\n<\/div>\n<div class=\"row align-equal\"  id=\"row-1295060129\">\n\n\t<div id=\"col-827833651\" class=\"col hide-for-medium medium-4 small-12 large-4\"  >\n\t\t\t\t<div class=\"col-inner\"  >\n\t\t\t\n\t\t\t\n\t<div id=\"text-3686729549\" class=\"text\">\n\t\t\n<h3>2020<\/h3>\n<p>Winning the Loveable Workplace Award, active organizational development, starting the agile transformation<\/p>\n\t\t\n<style>\n#text-3686729549 {\n  text-align: center;\n}\n<\/style>\n\t<\/div>\n\t\n\t\t<\/div>\n\t\t\t\t\t<\/div>\n\n\t\n\n\t<div id=\"col-1757631405\" class=\"col medium-12 small-12 large-4\"  >\n\t\t\t\t<div class=\"col-inner\"  >\n\t\t\t\n\t\t\t\n\t<div id=\"text-2425058332\" class=\"text\">\n\t\t\n<h3>2021<\/h3>\n<p>The sERPa Integrated Company Management System has been completely switched to 64-bit technology<\/p>\n\t\t\n<style>\n#text-2425058332 {\n  text-align: center;\n}\n<\/style>\n\t<\/div>\n\t\n\t\t<\/div>\n\t\t\t\t\t<\/div>\n\n\t\n\n\t<div id=\"col-1812564493\" class=\"col hide-for-medium medium-4 small-12 large-4\"  >\n\t\t\t\t<div class=\"col-inner\"  >\n\t\t\t\n\t\t\t\n\t\t<\/div>\n\t\t\t\t\t<\/div>\n\n\t\n<\/div>\n\t\t<\/div>\n\n\t\t\n<style>\n#section_549384149 {\n  padding-top: 30px;\n  padding-bottom: 30px;\n  background-color: rgb(244, 244, 244);\n}\n<\/style>\n\t<\/section>\n\t\n\n\n","protected":false},"excerpt":{"rendered":"","protected":false},"author":14,"featured_media":0,"parent":0,"menu_order":0,"comment_status":"closed","ping_status":"closed","template":"","meta":{"_acf_changed":false,"om_disable_all_campaigns":false,"inline_featured_image":false,"_vp_format_video_url":"","_vp_image_focal_point":[],"footnotes":""},"class_list":["post-21832","page","type-page","status-publish","hentry"],"acf":[],"aioseo_notices":[],"_links":{"self":[{"href":"https:\/\/www.progen.hu\/en\/wp-json\/wp\/v2\/pages\/21832","targetHints":{"allow":["GET"]}}],"collection":[{"href":"https:\/\/www.progen.hu\/en\/wp-json\/wp\/v2\/pages"}],"about":[{"href":"https:\/\/www.progen.hu\/en\/wp-json\/wp\/v2\/types\/page"}],"author":[{"embeddable":true,"href":"https:\/\/www.progen.hu\/en\/wp-json\/wp\/v2\/users\/14"}],"replies":[{"embeddable":true,"href":"https:\/\/www.progen.hu\/en\/wp-json\/wp\/v2\/comments?post=21832"}],"version-history":[{"count":0,"href":"https:\/\/www.progen.hu\/en\/wp-json\/wp\/v2\/pages\/21832\/revisions"}],"wp:attachment":[{"href":"https:\/\/www.progen.hu\/en\/wp-json\/wp\/v2\/media?parent=21832"}],"curies":[{"name":"wp","href":"https:\/\/api.w.org\/{rel}","templated":true}]}}