{"id":21847,"date":"2022-04-11T14:48:32","date_gmt":"2022-04-11T12:48:32","guid":{"rendered":"https:\/\/www.progen.hu\/?page_id=21847"},"modified":"2024-04-24T08:21:49","modified_gmt":"2024-04-24T07:21:49","slug":"kapcsolat","status":"publish","type":"page","link":"https:\/\/www.progen.hu\/en\/contacts\/","title":{"rendered":"Contacts"},"content":{"rendered":"\n\t<section class=\"section nyito-section dark\" id=\"section_778478307\">\n\t\t<div class=\"section-bg fill\" >\n\t\t\t<img loading=\"lazy\" decoding=\"async\" width=\"1920\" height=\"600\" src=\"https:\/\/www.progen.hu\/wp-content\/uploads\/2022\/06\/27_progen_slider_1920x600px.jpg\" class=\"bg attachment-original size-original\" alt=\"\" \/>\t\t\t\t\t\t\n\t\t\t\n\n\t\t<\/div>\n\n\t\t\n\n\t\t<div class=\"section-content relative\">\n\t\t\t\n<div class=\"row\"  id=\"row-507137812\">\n\n\t<div id=\"col-415379749\" class=\"col small-12 large-12\"  data-animate=\"fadeInLeft\">\n\t\t\t\t<div class=\"col-inner\"  >\n\t\t\t\n\t\t\t\n\t<div id=\"text-1124036876\" class=\"text hosszu\">\n\t\t\n<h1>CONTACTS<\/h1>\n<h2>Do you have a question or a specific request? Would you like to receive information in person? Our staff will be happy to help you with our products or services!<\/h2>\n\t\t\t<\/div>\n\t\n\t\t<\/div>\n\t\t\t\t\t<\/div>\n\n\t\n<\/div>\n\t\t<\/div>\n\n\t\t\n<style>\n#section_778478307 {\n  padding-top: 30px;\n  padding-bottom: 30px;\n  min-height: 70vw;\n}\n@media (min-width:550px) {\n  #section_778478307 {\n    min-height: 580px;\n  }\n}\n<\/style>\n\t<\/section>\n\t\n\n\t<section class=\"section\" id=\"section_1785533406\">\n\t\t<div class=\"section-bg fill\" >\n\t\t\t\t\t\t\t\t\t\n\t\t\t\n\n\t\t<\/div>\n\n\t\t\n\n\t\t<div class=\"section-content relative\">\n\t\t\t\n<div class=\"row\"  id=\"row-1069925838\">\n\n\t<div id=\"col-1499386676\" class=\"col medium-6 small-12 large-6\"  >\n\t\t\t\t<div class=\"col-inner\"  >\n\t\t\t\n\t\t\t\n<h2 style=\"text-align: center;\">For our interested parties<\/h2>\n<p>Please fill out the form below if you are looking for a customized complex enterprise management system, or if your existing solutions no longer serve the needs of your business!<\/p>\n<p>Contact us if:<\/p>\n<ul>\n<li>\n<p>You are requesting general information about the benefits of administration\/company management systems!<\/p>\n<\/li>\n<li>\n<p>Specifically, you are interested in one of our products, Nagy Machinator or sERPA!<\/p>\n<\/li>\n<\/ul>\n<div id=\"gtx-trans\" style=\"position: absolute; left: 398px; top: 264.717px;\">\n<div class=\"gtx-trans-icon\">\u00a0<\/div>\n<\/div>\n\n<div class=\"wpcf7 no-js\" id=\"wpcf7-f11818-o1\" lang=\"hu-HU\" dir=\"ltr\" data-wpcf7-id=\"11818\">\n<div class=\"screen-reader-response\"><p role=\"status\" aria-live=\"polite\" aria-atomic=\"true\"><\/p> <ul><\/ul><\/div>\n<form action=\"\/en\/wp-json\/wp\/v2\/pages\/21847#wpcf7-f11818-o1\" method=\"post\" class=\"wpcf7-form init wpcf7-acceptance-as-validation\" aria-label=\"Kapcsolatfelv\u00e9teli \u0171rlap\" novalidate=\"novalidate\" data-status=\"init\">\n<fieldset class=\"hidden-fields-container\"><input type=\"hidden\" name=\"_wpcf7\" value=\"11818\" \/><input type=\"hidden\" name=\"_wpcf7_version\" value=\"6.1.5\" \/><input type=\"hidden\" name=\"_wpcf7_locale\" value=\"hu_HU\" \/><input type=\"hidden\" name=\"_wpcf7_unit_tag\" value=\"wpcf7-f11818-o1\" \/><input type=\"hidden\" name=\"_wpcf7_container_post\" value=\"0\" \/><input type=\"hidden\" name=\"_wpcf7_posted_data_hash\" value=\"\" \/><input type=\"hidden\" name=\"_wpcf7cf_hidden_group_fields\" value=\"[]\" \/><input type=\"hidden\" name=\"_wpcf7cf_hidden_groups\" value=\"[]\" \/><input type=\"hidden\" name=\"_wpcf7cf_visible_groups\" value=\"[]\" \/><input type=\"hidden\" name=\"_wpcf7cf_repeaters\" value=\"[]\" \/><input type=\"hidden\" name=\"_wpcf7cf_steps\" value=\"{}\" \/><input type=\"hidden\" name=\"_wpcf7cf_options\" value=\"{&quot;form_id&quot;:11818,&quot;conditions&quot;:[],&quot;settings&quot;:{&quot;animation&quot;:&quot;yes&quot;,&quot;animation_intime&quot;:200,&quot;animation_outtime&quot;:200,&quot;conditions_ui&quot;:&quot;normal&quot;,&quot;notice_dismissed&quot;:false,&quot;notice_dismissed_rollback-cf7-5.8.5&quot;:true}}\" \/><input type=\"hidden\" name=\"_wpcf7dtx_version\" value=\"5.0.5\" \/><input type=\"hidden\" name=\"redirect_nonce\" value=\"e0d3c5647c\" \/><input type=\"hidden\" name=\"wpcf7cfpdf_hidden_name\" value=\"document-pdf\" \/><input type=\"hidden\" name=\"wpcf7cfpdf_hidden_reference\" value=\"66a56e7a\" \/><input type=\"hidden\" name=\"wpcf7cfpdf_hidden_date\" value=\"05052026\" \/><input type=\"hidden\" name=\"_wpcf7_recaptcha_response\" value=\"\" \/>\n<\/fieldset>\n<p><span class=\"wpcf7-form-control-wrap\" data-name=\"vallalat-neve\"><input size=\"40\" maxlength=\"400\" class=\"wpcf7-form-control wpcf7-text wpcf7-validates-as-required\" aria-required=\"true\" aria-invalid=\"false\" placeholder=\"C\u00e9g neve*\" value=\"\" type=\"text\" name=\"vallalat-neve\" \/><\/span><br \/>\n<span class=\"wpcf7-form-control-wrap\" data-name=\"vallalat-cime\"><input size=\"40\" maxlength=\"400\" class=\"wpcf7-form-control wpcf7-text wpcf7-validates-as-required\" aria-required=\"true\" aria-invalid=\"false\" placeholder=\"C\u00e9g c\u00edme*\" value=\"\" type=\"text\" name=\"vallalat-cime\" \/><\/span><br \/>\n<span class=\"wpcf7-form-control-wrap\" data-name=\"contact-name\"><input size=\"40\" maxlength=\"400\" class=\"wpcf7-form-control wpcf7-text wpcf7-validates-as-required\" aria-required=\"true\" aria-invalid=\"false\" placeholder=\"Kapcsolattart\u00f3 neve*\" value=\"\" type=\"text\" name=\"contact-name\" \/><\/span><br \/>\n<span class=\"wpcf7-form-control-wrap\" data-name=\"beosztasa\"><input size=\"40\" maxlength=\"400\" class=\"wpcf7-form-control wpcf7-text\" aria-invalid=\"false\" placeholder=\"Kapcsolattart\u00f3 beoszt\u00e1sa\" value=\"\" type=\"text\" name=\"beosztasa\" \/><\/span><br \/>\n<span class=\"wpcf7-form-control-wrap\" data-name=\"contact-email\"><input size=\"40\" maxlength=\"400\" class=\"wpcf7-form-control wpcf7-email wpcf7-validates-as-required wpcf7-text wpcf7-validates-as-email\" aria-required=\"true\" aria-invalid=\"false\" placeholder=\"Email c\u00edm*\" value=\"\" type=\"email\" name=\"contact-email\" \/><\/span><br \/>\n<span class=\"wpcf7-form-control-wrap\" data-name=\"contact-tel\"><input size=\"40\" maxlength=\"400\" class=\"wpcf7-form-control wpcf7-tel wpcf7-validates-as-required wpcf7-text wpcf7-validates-as-tel\" aria-required=\"true\" aria-invalid=\"false\" placeholder=\"Telefonsz\u00e1ma*\" value=\"\" type=\"tel\" name=\"contact-tel\" \/><\/span><br \/>\n<span class=\"wpcf7-form-control-wrap\" data-name=\"termek\"><select class=\"wpcf7-form-control wpcf7-select wpcf7-validates-as-required\" aria-required=\"true\" aria-invalid=\"false\" name=\"termek\"><option value=\"\">Milyen \u00fcgyben \u00e9rdekl\u0151dik?*<\/option><option value=\"\u00dcgyviteli\/v\u00e1llalatir\u00e1ny\u00edt\u00e1si rendszer \u00e1ltal\u00e1nos le\u00edr\u00e1st k\u00e9rek\">\u00dcgyviteli\/v\u00e1llalatir\u00e1ny\u00edt\u00e1si rendszer \u00e1ltal\u00e1nos le\u00edr\u00e1st k\u00e9rek<\/option><option value=\"T\u00e1j\u00e9koztat\u00f3 anyagot k\u00e9rek sERPa rendszerr\u0151l\">T\u00e1j\u00e9koztat\u00f3 anyagot k\u00e9rek sERPa rendszerr\u0151l<\/option><option value=\"T\u00e1j\u00e9koztat\u00f3 anyagot k\u00e9rek Nagy Machin\u00e1tor rendszerr\u0151l\">T\u00e1j\u00e9koztat\u00f3 anyagot k\u00e9rek Nagy Machin\u00e1tor rendszerr\u0151l<\/option><option value=\"Marketing egy\u00fcttm\u0171k\u00f6d\u00e9st aj\u00e1nlok\">Marketing egy\u00fcttm\u0171k\u00f6d\u00e9st aj\u00e1nlok<\/option><option value=\"Egy\u00e9b\">Egy\u00e9b<\/option><\/select><\/span><br \/>\n<span class=\"wpcf7-form-control-wrap\" data-name=\"hosting\"><select class=\"wpcf7-form-control wpcf7-select wpcf7-validates-as-required\" aria-required=\"true\" aria-invalid=\"false\" name=\"hosting\"><option value=\"\">Tervez hosting szolg\u00e1ltat\u00e1st is ig\u00e9nybe venni?*<\/option><option value=\"Igen\">Igen<\/option><option value=\"Nem\">Nem<\/option><option value=\"M\u00e9g nem tudom\">M\u00e9g nem tudom<\/option><\/select><\/span><br \/>\n<span class=\"wpcf7-form-control-wrap\" data-name=\"contact-message\"><textarea cols=\"40\" rows=\"10\" maxlength=\"2000\" class=\"wpcf7-form-control wpcf7-textarea wpcf7-validates-as-required\" aria-required=\"true\" aria-invalid=\"false\" placeholder=\"Megjegyz\u00e9s\" name=\"contact-message\"><\/textarea><\/span><br \/>\n<span class=\"wpcf7-form-control-wrap\" data-name=\"adatkezeles\"><span class=\"wpcf7-form-control wpcf7-acceptance\"><span class=\"wpcf7-list-item\"><label><input type=\"checkbox\" name=\"adatkezeles\" value=\"1\" aria-invalid=\"false\" \/><span class=\"wpcf7-list-item-label\">Az <a href=\"\/adatkezelesi-tajekoztato\/\" target=\"blank\">adatkezel\u00e9si t\u00e1j\u00e9koztat\u00f3t<\/a> megismertem.<\/span><\/label><\/span><\/span><\/span><br \/>\n<input class=\"wpcf7-form-control wpcf7-submit has-spinner\" type=\"submit\" value=\"\u00dczenet k\u00fcld\u00e9se\" \/>\n<\/p><div class=\"wpcf7-response-output\" aria-hidden=\"true\"><\/div>\n<\/form>\n<\/div>\n\n<p><em>*On the form, the individual fields marked with * are mandatory, otherwise the form will not be sent.<\/em><\/p>\n<div id=\"gtx-trans\" style=\"position: absolute; left: -39px; top: -11.4667px;\">\n<div class=\"gtx-trans-icon\">\u00a0<\/div>\n<\/div>\n\t\t<\/div>\n\t\t\t\t\t<\/div>\n\n\t\n\n\t<div id=\"col-428561220\" class=\"col medium-6 small-12 large-6\"  >\n\t\t\t\t<div class=\"col-inner\"  >\n\t\t\t\n\t\t\t\n<h2 style=\"text-align: center;\">For our customers<\/h2>\n<p>Our customers with a live product support contract can send us their questions and requests, as well as report errors, by entering the Partner Center:<\/p>\n<ul>\n<li>Expanding the number of users;<\/li>\n<li>License extension;<\/li>\n<li>Module purchase;<\/li>\n<li>Error report.<\/li>\n<\/ul>\n<div class=\"row align-center\"  id=\"row-1588161152\">\n\n\t<div id=\"col-1777206776\" class=\"col medium-5 small-12 large-5\"  >\n\t\t\t\t<div class=\"col-inner text-center\"  >\n\t\t\t\n\t\t\t\n\t<div class=\"img has-hover x md-x lg-x y md-y lg-y\" id=\"image_814783388\">\n\t\t<a class=\"\" href=\"https:\/\/partner.progen.hu\/Uzenetek\/SerpaHiba\" >\t\t\t\t\t\t<div class=\"img-inner dark\" >\n\t\t\t<img loading=\"lazy\" decoding=\"async\" width=\"425\" height=\"129\" src=\"https:\/\/www.progen.hu\/wp-content\/uploads\/2022\/09\/serpa-1.png\" class=\"attachment-large size-large\" alt=\"\" srcset=\"https:\/\/www.progen.hu\/wp-content\/uploads\/2022\/09\/serpa-1.png 425w, https:\/\/www.progen.hu\/wp-content\/uploads\/2022\/09\/serpa-1-300x91.png 300w\" sizes=\"auto, (max-width: 425px) 100vw, 425px\" \/>\t\t\t\t\t\t\n\t\t\t\t\t<\/div>\n\t\t\t\t\t\t<\/a>\t\t\n<style>\n#image_814783388 {\n  width: 87%;\n}\n<\/style>\n\t<\/div>\n\t\n<a href=\"https:\/\/partner.progen.hu\/Uzenetek\/SerpaHiba\" target=\"_blank\" class=\"button secondary\" rel=\"noopener\" >\n\t\t<span>Partner Center<\/span>\n\t<\/a>\n\n\t\t<\/div>\n\t\t\t\t\t<\/div>\n\n\t\n\n\t<div id=\"col-278760983\" class=\"col hide-for-medium medium-2 small-12 large-2\"  >\n\t\t\t\t<div class=\"col-inner text-center\"  >\n\t\t\t\n\t\t\t\n\t<div id=\"text-299897101\" class=\"text\">\n\t\t\n<p><span style=\"font-size: 300%;\">|<\/span><\/p>\n\t\t\n<style>\n#text-299897101 {\n  text-align: center;\n  color: #ef7d00;\n}\n#text-299897101 > * {\n  color: #ef7d00;\n}\n<\/style>\n\t<\/div>\n\t\n\t\t<\/div>\n\t\t\t\t\t<\/div>\n\n\t\n\n\t<div id=\"col-1905391204\" class=\"col medium-5 small-12 large-5\"  >\n\t\t\t\t<div class=\"col-inner text-center\"  >\n\t\t\t\n\t\t\t\n\t<div class=\"img has-hover x md-x lg-x y md-y lg-y\" id=\"image_219247550\">\n\t\t<a class=\"\" href=\"https:\/\/partner.progen.hu\/Uzenetek\/NMHiba\" >\t\t\t\t\t\t<div class=\"img-inner dark\" >\n\t\t\t<img loading=\"lazy\" decoding=\"async\" width=\"400\" height=\"100\" src=\"https:\/\/www.progen.hu\/wp-content\/uploads\/2022\/06\/nm-logotypo-black.png\" class=\"attachment-large size-large\" alt=\"\" srcset=\"https:\/\/www.progen.hu\/wp-content\/uploads\/2022\/06\/nm-logotypo-black.png 400w, https:\/\/www.progen.hu\/wp-content\/uploads\/2022\/06\/nm-logotypo-black-300x75.png 300w\" sizes=\"auto, (max-width: 400px) 100vw, 400px\" \/>\t\t\t\t\t\t\n\t\t\t\t\t<\/div>\n\t\t\t\t\t\t<\/a>\t\t\n<style>\n#image_219247550 {\n  width: 96%;\n}\n<\/style>\n\t<\/div>\n\t\n<a href=\"https:\/\/partner.progen.hu\/Uzenetek\/NMHiba\" target=\"_blank\" class=\"button success\" rel=\"noopener\" >\n\t\t<span>Partner Center<\/span>\n\t<\/a>\n\n\t\t<\/div>\n\t\t\t\t\t<\/div>\n\n\t\n<\/div>\n\t\t<\/div>\n\t\t\t\t\t<\/div>\n\n\t\n<\/div>\n\t\t<\/div>\n\n\t\t\n<style>\n#section_1785533406 {\n  padding-top: 30px;\n  padding-bottom: 30px;\n}\n<\/style>\n\t<\/section>\n\t\n<span class=\"scroll-to\" data-label=\"Scroll to: #szemelyes-bemutato\" data-bullet=\"false\" data-link=\"#szemelyes-bemutato\" data-title=\"Szem\u00e9lyes bemutat\u00f3\"><a name=\"szemelyes-bemutato\"><\/a><\/span>\n\n\t<section class=\"section\" id=\"section_762227945\">\n\t\t<div class=\"section-bg fill\" >\n\t\t\t\t\t\t\t\t\t\n\t\t\t\n\n\t\t<\/div>\n\n\t\t\n\n\t\t<div class=\"section-content relative\">\n\t\t\t\n<div class=\"row\" style=\"max-width:\" id=\"row-2136988114\">\n\n\t<div id=\"col-1003980577\" class=\"col small-12 large-12\"  >\n\t\t\t\t<div class=\"col-inner text-left\"  >\n\t\t\t\n\t\t\t\n<h2 style=\"text-align: center;\">Request a free demonstration of our Great Machinator or sERPa service!<\/h2>\n<p style=\"text-align: center;\">Nationwide or online<\/p>\n<div id=\"gtx-trans\" style=\"position: absolute; left: 113px; top: 126.467px;\">\n<div class=\"gtx-trans-icon\">\u00a0<\/div>\n<\/div>\n\t\t<\/div>\n\t\t\t\t\t<\/div>\n\n\t\n\n\t<div id=\"col-457747206\" class=\"col medium-3 small-12 large-3\"  >\n\t\t\t\t<div class=\"col-inner\"  >\n\t\t\t\n\t\t\t\n\t\t<\/div>\n\t\t\t\t\t<\/div>\n\n\t\n\n\t<div id=\"col-283085590\" class=\"col medium-7 small-12 large-7\"  >\n\t\t\t\t<div class=\"col-inner\"  >\n\t\t\t\n\t\t\t\n<ul>\n<li>After a detailed preliminary survey, we put together a customized, unique solution.<\/li>\n<li>Relying on our expert development background, we will surely find the most suitable solution for you.<\/li>\n<li>Our extensive references prove our efficiency and experience.<\/li>\n<\/ul>\n<div id=\"gtx-trans\" style=\"position: absolute; left: -39px; top: -11.4667px;\">\n<div class=\"gtx-trans-icon\">\u00a0<\/div>\n<\/div>\n\t\t<\/div>\n\t\t\t\t\t<\/div>\n\n\t\n\n\t<div id=\"col-1798934600\" class=\"col medium-2 small-12 large-2\"  >\n\t\t\t\t<div class=\"col-inner\"  >\n\t\t\t\n\t\t\t\n\t\t<\/div>\n\t\t\t\t\t<\/div>\n\n\t\n\n\t<div id=\"col-597307515\" class=\"col small-12 large-12\"  >\n\t\t\t\t<div class=\"col-inner text-center\"  >\n\t\t\t\n\t\t\t\n<a href=\"\/vallalatiranyitas-rendszer-bemutatokeres\/\" class=\"button primary\" >\n\t\t<span>I REQUEST A FREE PRESENTATION<\/span>\n\t<\/a>\n\n\t\t<\/div>\n\t\t\t\t\t<\/div>\n\n\t\n<\/div>\n\t\t<\/div>\n\n\t\t\n<style>\n#section_762227945 {\n  padding-top: 30px;\n  padding-bottom: 30px;\n  background-color: rgb(244, 244, 244);\n}\n<\/style>\n\t<\/section>\n\t\n\n<div class=\"row row-full-width terkep-sor\"  id=\"row-1268349432\">\n\n\t<div id=\"col-546232245\" class=\"col small-12 large-12\"  >\n\t\t\t\t<div class=\"col-inner\"  >\n\t\t\t\n\t\t\t\n<p><iframe loading=\"lazy\" style=\"border: 0;\" src=\"https:\/\/www.google.com\/maps\/embed?pb=!1m18!1m12!1m3!1d2696.8382486651562!2d19.01895481581744!3d47.47358140515039!2m3!1f0!2f0!3f0!3m2!1i1024!2i768!4f13.1!3m3!1m2!1s0x4741ddc5617ab37d%3A0xac7eece15e039fde!2zUHJvZ2VuIE3DqXJuw7ZraSBGZWpsZXN6dMWRIMOpcyBTem9sZ8OhbHRhdMOzIEtmdC4!5e0!3m2!1shu!2shu!4v1651136602009!5m2!1shu!2shu\" width=\"100%\" height=\"350\" allowfullscreen=\"allowfullscreen\"><\/iframe><\/p>\n\t\t<\/div>\n\t\t\t\t\t<\/div>\n\n\t\n<\/div>\n","protected":false},"excerpt":{"rendered":"","protected":false},"author":14,"featured_media":0,"parent":0,"menu_order":0,"comment_status":"closed","ping_status":"closed","template":"","meta":{"_acf_changed":false,"om_disable_all_campaigns":false,"inline_featured_image":false,"_vp_format_video_url":"","_vp_image_focal_point":[],"footnotes":""},"class_list":["post-21847","page","type-page","status-publish","hentry"],"acf":[],"aioseo_notices":[],"_links":{"self":[{"href":"https:\/\/www.progen.hu\/en\/wp-json\/wp\/v2\/pages\/21847","targetHints":{"allow":["GET"]}}],"collection":[{"href":"https:\/\/www.progen.hu\/en\/wp-json\/wp\/v2\/pages"}],"about":[{"href":"https:\/\/www.progen.hu\/en\/wp-json\/wp\/v2\/types\/page"}],"author":[{"embeddable":true,"href":"https:\/\/www.progen.hu\/en\/wp-json\/wp\/v2\/users\/14"}],"replies":[{"embeddable":true,"href":"https:\/\/www.progen.hu\/en\/wp-json\/wp\/v2\/comments?post=21847"}],"version-history":[{"count":0,"href":"https:\/\/www.progen.hu\/en\/wp-json\/wp\/v2\/pages\/21847\/revisions"}],"wp:attachment":[{"href":"https:\/\/www.progen.hu\/en\/wp-json\/wp\/v2\/media?parent=21847"}],"curies":[{"name":"wp","href":"https:\/\/api.w.org\/{rel}","templated":true}]}}